{"id":175,"date":"2017-08-02T06:15:10","date_gmt":"2017-08-02T09:15:10","guid":{"rendered":"http:\/\/wpdemos.themezaa.com\/brando\/?page_id=175"},"modified":"2020-04-25T22:06:39","modified_gmt":"2020-04-26T01:06:39","slug":"blog","status":"publish","type":"page","link":"https:\/\/www.anitamorra.com\/es\/blog\/","title":{"rendered":"Blog de Ilustraci\u00f3n | Anita Morra | Portfolio profesional y novedades"},"content":{"rendered":"<section class=\"brando-row-1 no-padding\"><div class=\"container\"><div class=\"row\"><div class=\"wpb_column brando-column-container brando-column-1 vc_col-sm-6 vc_col-xs-12 no-padding\" data-front-class=\"brando-column-container brando-column-1 no-padding\"><div class=\"vc-column-innner-wrapper\"><div class=\"wpd-innner-wrapper\"><h1 class=\"brando-remove-frontend-editor-top alt-font  black-text marginh1blog heading-style11 padding-three-bottom sm-padding-three-bottom xs-padding-three-bottom margin-three-bottom sm-margin-three-bottom xs-margin-three-bottom brando_heading_1500333846-2-28\">Mi Blog<\/h1><div class=\"brando_text_1587863190-2-97 padding-two-tb sm-padding-two-tb xs-padding-two-tb\"><p class=\"text-large alt-font width-90 xs-width-100\" style=\"padding-left: 15px;\">Bienvenido! En este espacio encontrar\u00e1s informaci\u00f3n sobre t\u00e9cnicas y tips de ilustraci\u00f3n, y podr\u00e1s enterarte de las \u00faltimas novedades, eventos y adelantos de mis trabajos. Gracias por tu visita!<\/p>\n<\/div><\/div><\/div><\/div><div class=\"wpb_column brando-column-container brando-column-2 vc_col-sm-6 col-xs-mobile-fullwidth\" data-front-class=\"brando-column-container brando-column-2 col-xs-mobile-fullwidth\"><div class=\"vc-column-innner-wrapper\"><div class=\"wpd-innner-wrapper\"><\/div><\/div><\/div><\/div><\/div><\/section><section class=\"brando-row-2 no-padding\"><div class=\"container\"><div class=\"row\"><div class=\"wpb_column brando-column-container brando-column-3 vc_col-sm-12 vc_col-xs-12 no-padding\" data-front-class=\"brando-column-container brando-column-3 no-padding\"><div class=\"vc-column-innner-wrapper\"><div class=\"wpd-innner-wrapper\"><div class=\"blog-3-column\"><div class=\"post-7451 post type-post status-publish format-standard has-post-thumbnail hentry category-libros category-novedades tag-adopcion-responsable tag-libros tag-novedades tag-perrita\"><div class=\"blog-post-style7 col-md-4 col-sm-6 col-xs-12 margin-four-bottom xs-margin-seven-bottom margin-seven-bottom brando_blog_1492903366-2-99\"><div class=\"post-thumbnail overflow-hidden\"><div class=\"blog-image\"><a href=\"https:\/\/www.anitamorra.com\/es\/gracie\/\"><img loading=\"lazy\" decoding=\"async\" width=\"800\" height=\"480\" src=\"https:\/\/www.anitamorra.com\/wp-content\/uploads\/2020\/03\/post02-featured-c.jpg\" class=\"attachment-full size-full wp-post-image\" alt=\"\" srcset=\"https:\/\/www.anitamorra.com\/wp-content\/uploads\/2020\/03\/post02-featured-c.jpg 800w, https:\/\/www.anitamorra.com\/wp-content\/uploads\/2020\/03\/post02-featured-c-300x180.jpg 300w, https:\/\/www.anitamorra.com\/wp-content\/uploads\/2020\/03\/post02-featured-c-768x461.jpg 768w, https:\/\/www.anitamorra.com\/wp-content\/uploads\/2020\/03\/post02-featured-c-420x252.jpg 420w\" sizes=\"(max-width: 800px) 100vw, 800px\" \/><\/a><\/div><\/div><div class=\"post-details margin-eight-top\"><span class=\"text-large text-uppercase display-block alt-font margin-four-bottom sm-text-medium xs-text-medium alt-font font-weight-700 \"><a href=\"https:\/\/www.anitamorra.com\/es\/gracie\/\" class=\"dark-gray-text entry-title\">Gracie<\/a><\/span><p class=\"margin-seven-bottom xs-margin-five-bottom entry-content\">De boceto en acuarela a libro biling\u00fce En septiembre de 2015 me contact\u00f3 por primera vez Katie, cont\u00e1ndome su idea para un libro sobre Gracie, su perrita. Katie y Gracie viven en Carolina del Norte, USA. (m\u00e1s&hellip;)<\/p><div class=\"separator-line-full bg-mid-gray3 margin-seven-bottom xs-margin-five-bottom\" style=\"height:1px !important;\"><\/div><\/div><\/div><\/div><div class=\"post-6752 post type-post status-publish format-standard has-post-thumbnail hentry category-novedades tag-novedades tag-sitio-web\"><div class=\"blog-post-style7 col-md-4 col-sm-6 col-xs-12 margin-four-bottom xs-margin-seven-bottom margin-seven-bottom brando_blog_1492903366-2-99\"><div class=\"post-thumbnail overflow-hidden\"><div class=\"blog-image\"><a href=\"https:\/\/www.anitamorra.com\/es\/nueva-web\/\"><img loading=\"lazy\" decoding=\"async\" width=\"800\" height=\"480\" src=\"https:\/\/www.anitamorra.com\/wp-content\/uploads\/2017\/04\/post01-featured-1.jpg\" class=\"attachment-full size-full wp-post-image\" alt=\"\" srcset=\"https:\/\/www.anitamorra.com\/wp-content\/uploads\/2017\/04\/post01-featured-1.jpg 800w, https:\/\/www.anitamorra.com\/wp-content\/uploads\/2017\/04\/post01-featured-1-300x180.jpg 300w, https:\/\/www.anitamorra.com\/wp-content\/uploads\/2017\/04\/post01-featured-1-768x461.jpg 768w\" sizes=\"(max-width: 800px) 100vw, 800px\" \/><\/a><\/div><\/div><div class=\"post-details margin-eight-top\"><span class=\"text-large text-uppercase display-block alt-font margin-four-bottom sm-text-medium xs-text-medium alt-font font-weight-700 \"><a href=\"https:\/\/www.anitamorra.com\/es\/nueva-web\/\" class=\"dark-gray-text entry-title\">Hola, mundo!<\/a><\/span><p class=\"margin-seven-bottom xs-margin-five-bottom entry-content\">Les doy la bienvenida a mi nueva web Hace ya un tiempo que ten\u00eda que actualizar mis \u00faltimos trabajos. Necesitaba una nueva web, que pudiera ser vista en todos los dispositivos, responsive y apta para m\u00f3viles. (m\u00e1s&hellip;)<\/p><div class=\"separator-line-full bg-mid-gray3 margin-seven-bottom xs-margin-five-bottom\" style=\"height:1px !important;\"><\/div><\/div><\/div><\/div><\/div><\/div><\/div><\/div><\/div><\/div><\/section>","protected":false},"excerpt":{"rendered":"<p>\u00a1Hola, mundo!Les doy la bienvenida a mi nueva web Hace ya un tiempo que ten\u00eda que actualizar mis \u00faltimos trabajos. Necesitaba una nueva web, que pudiera ser vista en todos los dispositivos, responsive y apta para m\u00f3viles. As\u00ed que, despu\u00e9s de un tiempo y con la ayuda de mis amigos de nular \u2026 aqu\u00ed est\u00e1! [&hellip;]<\/p>\n","protected":false},"author":1,"featured_media":0,"parent":0,"menu_order":0,"comment_status":"closed","ping_status":"closed","template":"","meta":{"footnotes":""},"yoast_head":"<!-- This site is optimized with the Yoast SEO plugin v22.7 - https:\/\/yoast.com\/wordpress\/plugins\/seo\/ -->\n<title>Blog de Ilustraci\u00f3n | Anita Morra | Portfolio profesional y novedades<\/title>\n<meta name=\"description\" content=\"T\u00e9cnicas, novedades y adelantos de mis \u00faltimos trabajos de ilustraci\u00f3n, todo en este s\u00faper cool blog :) Espero tu visita!\" \/>\n<meta name=\"robots\" content=\"index, follow, max-snippet:-1, max-image-preview:large, max-video-preview:-1\" \/>\n<link rel=\"canonical\" href=\"https:\/\/www.anitamorra.com\/es\/blog\/\" \/>\n<meta property=\"og:locale\" content=\"es_ES\" \/>\n<meta property=\"og:type\" content=\"article\" \/>\n<meta property=\"og:title\" content=\"Blog de Ilustraci\u00f3n | Anita Morra | Portfolio profesional y novedades\" \/>\n<meta property=\"og:description\" content=\"T\u00e9cnicas, novedades y adelantos de mis \u00faltimos trabajos de ilustraci\u00f3n, todo en este s\u00faper cool blog :) Espero tu visita!\" \/>\n<meta property=\"og:url\" content=\"https:\/\/www.anitamorra.com\/es\/blog\/\" \/>\n<meta property=\"og:site_name\" content=\"Ilustradora | Anita Morra | Portfolio profesional\" \/>\n<meta property=\"article:modified_time\" content=\"2020-04-26T01:06:39+00:00\" \/>\n<meta name=\"twitter:card\" content=\"summary_large_image\" \/>\n<meta name=\"twitter:label1\" content=\"Tiempo de lectura\" \/>\n\t<meta name=\"twitter:data1\" content=\"1 minuto\" \/>\n<script type=\"application\/ld+json\" class=\"yoast-schema-graph\">{\"@context\":\"https:\/\/schema.org\",\"@graph\":[{\"@type\":\"WebPage\",\"@id\":\"https:\/\/www.anitamorra.com\/es\/blog\/\",\"url\":\"https:\/\/www.anitamorra.com\/es\/blog\/\",\"name\":\"Blog de Ilustraci\u00f3n | Anita Morra | Portfolio profesional y novedades\",\"isPartOf\":{\"@id\":\"https:\/\/www.anitamorra.com\/es\/#website\"},\"datePublished\":\"2017-08-02T09:15:10+00:00\",\"dateModified\":\"2020-04-26T01:06:39+00:00\",\"description\":\"T\u00e9cnicas, novedades y adelantos de mis \u00faltimos trabajos de ilustraci\u00f3n, todo en este s\u00faper cool blog :) Espero tu visita!\",\"breadcrumb\":{\"@id\":\"https:\/\/www.anitamorra.com\/es\/blog\/#breadcrumb\"},\"inLanguage\":\"es-AR\",\"potentialAction\":[{\"@type\":\"ReadAction\",\"target\":[\"https:\/\/www.anitamorra.com\/es\/blog\/\"]}]},{\"@type\":\"BreadcrumbList\",\"@id\":\"https:\/\/www.anitamorra.com\/es\/blog\/#breadcrumb\",\"itemListElement\":[{\"@type\":\"ListItem\",\"position\":1,\"name\":\"Home\",\"item\":\"https:\/\/www.anitamorra.com\/es\/\"},{\"@type\":\"ListItem\",\"position\":2,\"name\":\"Blog de Ilustraci\u00f3n | Anita Morra | Portfolio profesional y novedades\"}]},{\"@type\":\"WebSite\",\"@id\":\"https:\/\/www.anitamorra.com\/es\/#website\",\"url\":\"https:\/\/www.anitamorra.com\/es\/\",\"name\":\"Ilustradora | Anita Morra | Portfolio profesional\",\"description\":\"\",\"potentialAction\":[{\"@type\":\"SearchAction\",\"target\":{\"@type\":\"EntryPoint\",\"urlTemplate\":\"https:\/\/www.anitamorra.com\/es\/?s={search_term_string}\"},\"query-input\":\"required name=search_term_string\"}],\"inLanguage\":\"es-AR\"}]}<\/script>\n<!-- \/ Yoast SEO plugin. -->","yoast_head_json":{"title":"Blog de Ilustraci\u00f3n | Anita Morra | Portfolio profesional y novedades","description":"T\u00e9cnicas, novedades y adelantos de mis \u00faltimos trabajos de ilustraci\u00f3n, todo en este s\u00faper cool blog :) Espero tu visita!","robots":{"index":"index","follow":"follow","max-snippet":"max-snippet:-1","max-image-preview":"max-image-preview:large","max-video-preview":"max-video-preview:-1"},"canonical":"https:\/\/www.anitamorra.com\/es\/blog\/","og_locale":"es_ES","og_type":"article","og_title":"Blog de Ilustraci\u00f3n | Anita Morra | Portfolio profesional y novedades","og_description":"T\u00e9cnicas, novedades y adelantos de mis \u00faltimos trabajos de ilustraci\u00f3n, todo en este s\u00faper cool blog :) Espero tu visita!","og_url":"https:\/\/www.anitamorra.com\/es\/blog\/","og_site_name":"Ilustradora | Anita Morra | Portfolio profesional","article_modified_time":"2020-04-26T01:06:39+00:00","twitter_card":"summary_large_image","twitter_misc":{"Tiempo de lectura":"1 minuto"},"schema":{"@context":"https:\/\/schema.org","@graph":[{"@type":"WebPage","@id":"https:\/\/www.anitamorra.com\/es\/blog\/","url":"https:\/\/www.anitamorra.com\/es\/blog\/","name":"Blog de Ilustraci\u00f3n | Anita Morra | Portfolio profesional y novedades","isPartOf":{"@id":"https:\/\/www.anitamorra.com\/es\/#website"},"datePublished":"2017-08-02T09:15:10+00:00","dateModified":"2020-04-26T01:06:39+00:00","description":"T\u00e9cnicas, novedades y adelantos de mis \u00faltimos trabajos de ilustraci\u00f3n, todo en este s\u00faper cool blog :) Espero tu visita!","breadcrumb":{"@id":"https:\/\/www.anitamorra.com\/es\/blog\/#breadcrumb"},"inLanguage":"es-AR","potentialAction":[{"@type":"ReadAction","target":["https:\/\/www.anitamorra.com\/es\/blog\/"]}]},{"@type":"BreadcrumbList","@id":"https:\/\/www.anitamorra.com\/es\/blog\/#breadcrumb","itemListElement":[{"@type":"ListItem","position":1,"name":"Home","item":"https:\/\/www.anitamorra.com\/es\/"},{"@type":"ListItem","position":2,"name":"Blog de Ilustraci\u00f3n | Anita Morra | Portfolio profesional y novedades"}]},{"@type":"WebSite","@id":"https:\/\/www.anitamorra.com\/es\/#website","url":"https:\/\/www.anitamorra.com\/es\/","name":"Ilustradora | Anita Morra | Portfolio profesional","description":"","potentialAction":[{"@type":"SearchAction","target":{"@type":"EntryPoint","urlTemplate":"https:\/\/www.anitamorra.com\/es\/?s={search_term_string}"},"query-input":"required name=search_term_string"}],"inLanguage":"es-AR"}]}},"_links":{"self":[{"href":"https:\/\/www.anitamorra.com\/es\/wp-json\/wp\/v2\/pages\/175"}],"collection":[{"href":"https:\/\/www.anitamorra.com\/es\/wp-json\/wp\/v2\/pages"}],"about":[{"href":"https:\/\/www.anitamorra.com\/es\/wp-json\/wp\/v2\/types\/page"}],"author":[{"embeddable":true,"href":"https:\/\/www.anitamorra.com\/es\/wp-json\/wp\/v2\/users\/1"}],"replies":[{"embeddable":true,"href":"https:\/\/www.anitamorra.com\/es\/wp-json\/wp\/v2\/comments?post=175"}],"version-history":[{"count":4,"href":"https:\/\/www.anitamorra.com\/es\/wp-json\/wp\/v2\/pages\/175\/revisions"}],"predecessor-version":[{"id":7495,"href":"https:\/\/www.anitamorra.com\/es\/wp-json\/wp\/v2\/pages\/175\/revisions\/7495"}],"wp:attachment":[{"href":"https:\/\/www.anitamorra.com\/es\/wp-json\/wp\/v2\/media?parent=175"}],"curies":[{"name":"wp","href":"https:\/\/api.w.org\/{rel}","templated":true}]}}